{"id":5020,"date":"2020-06-30T19:02:15","date_gmt":"2020-06-30T17:02:15","guid":{"rendered":"https:\/\/federicatabarretti.com\/agb\/"},"modified":"2024-06-12T10:54:20","modified_gmt":"2024-06-12T08:54:20","slug":"agb","status":"publish","type":"page","link":"https:\/\/federicatabarretti.com\/en\/agb\/","title":{"rendered":"AGB (german)"},"content":{"rendered":"[et_pb_section fb_built=&#8221;1&#8243; prev_background_color=&#8221;#ffffff&#8221; module_class=&#8221;keinhintergrund&#8221; _builder_version=&#8221;4.16&#8243; use_background_color_gradient=&#8221;on&#8221; background_color_gradient_direction=&#8221;90deg&#8221; background_color_gradient_stops=&#8221;rgba(255,255,255,0) 15%|#ffffff 60%&#8221; background_color_gradient_overlays_image=&#8221;on&#8221; background_color_gradient_start=&#8221;rgba(255,255,255,0)&#8221; background_color_gradient_start_position=&#8221;15%&#8221; background_color_gradient_end=&#8221;#ffffff&#8221; background_color_gradient_end_position=&#8221;60%&#8221; background_enable_image=&#8221;off&#8221; background_repeat=&#8221;repeat&#8221; custom_padding=&#8221;||150px||false|false&#8221; top_divider_style=&#8221;none&#8221; bottom_divider_color=&#8221;#c8d1eb&#8221; background_last_edited=&#8221;on|phone&#8221; background_enable_image_tablet=&#8221;off&#8221; da_disable_devices=&#8221;off|off|off&#8221; locked=&#8221;off&#8221; global_colors_info=&#8221;{}&#8221; da_is_popup=&#8221;off&#8221; da_exit_intent=&#8221;off&#8221; da_has_close=&#8221;on&#8221; da_alt_close=&#8221;off&#8221; da_dark_close=&#8221;off&#8221; da_not_modal=&#8221;on&#8221; da_is_singular=&#8221;off&#8221; da_with_loader=&#8221;off&#8221; da_has_shadow=&#8221;on&#8221;][et_pb_row column_structure=&#8221;1_2,1_2&#8243; use_custom_gutter=&#8221;on&#8221; make_equal=&#8221;on&#8221; _builder_version=&#8221;4.16&#8243; max_width=&#8221;4000px&#8221; global_colors_info=&#8221;{}&#8221;][et_pb_column type=&#8221;1_2&#8243; _builder_version=&#8221;4.16&#8243; global_colors_info=&#8221;{}&#8221;][et_pb_text module_class=&#8221;miniheadline&#8221; _builder_version=&#8221;4.16&#8243; positioning=&#8221;absolute&#8221; vertical_offset=&#8221;75px&#8221; position_origin_a_tablet=&#8221;&#8221; position_origin_a_phone=&#8221;&#8221; position_origin_a_last_edited=&#8221;on|tablet&#8221; position_origin_f_tablet=&#8221;&#8221; position_origin_f_phone=&#8221;&#8221; position_origin_f_last_edited=&#8221;on|desktop&#8221; position_origin_r_tablet=&#8221;&#8221; position_origin_r_phone=&#8221;&#8221; position_origin_r_last_edited=&#8221;on|desktop&#8221; width=&#8221;100%&#8221; hover_enabled=&#8221;0&#8243; positioning_tablet=&#8221;none&#8221; positioning_phone=&#8221;&#8221; positioning_last_edited=&#8221;on|phone&#8221; global_colors_info=&#8221;{}&#8221; sticky_enabled=&#8221;0&#8243;]\n<h2>AGB<\/h2>\n[\/et_pb_text][\/et_pb_column][et_pb_column type=&#8221;1_2&#8243; module_class=&#8221;infospalte&#8221; _builder_version=&#8221;4.16&#8243; custom_padding=&#8221;||||false|false&#8221; global_colors_info=&#8221;{}&#8221;][et_pb_text _builder_version=&#8221;4.19.5&#8243; background_size=&#8221;initial&#8221; background_position=&#8221;top_left&#8221; background_repeat=&#8221;repeat&#8221; min_height=&#8221;100vh&#8221; hover_enabled=&#8221;0&#8243; global_colors_info=&#8221;{}&#8221; sticky_enabled=&#8221;0&#8243;]\n<h4>1. GELTUNGSBEREICH DER AGB<\/h4>\n<p>Die folgenden Allgemeinen Gesch\u00e4ftsbedingungen (AGB) gelten fu\u0308r alle Gesch\u00e4ftsbeziehungen zwischen dem \u201eKunden\u201c einerseits und Federica Tabarretti (\u201eBetreiber\u201c) andererseits aus dem Erwerb von Waren oder Gutscheinen (\u201eProdukten\u201c) u\u0308ber den Online-Shop des Betreibers.<\/p>\n<p>Ma\u00dfgeblich ist jeweils die zum Zeitpunkt des Vertragsschlusses gu\u0308ltige Fassung der AGB.<\/p>\n<p>Abweichende, entgegenstehende oder erg\u00e4nzende AGB werden, selbst bei Kenntnis, nicht Vertragsbestandteil, es sei denn, der Betreiber h\u00e4tte ihrer Geltung ausdru\u0308cklich schriftlich zugestimmt. AGB des Kunden widerspricht der Betreiber hiermit ausdru\u0308cklich. \u00c4nderungen der AGB werden dem Kunde bekannt gegeben und gelten als vereinbart, wenn der Kunden den ge\u00e4nderten AGB nicht schriftlich binnen 14 Tagen widerspricht; auf die Bedeutung des Schweigens wird der Kunden in der Verst\u00e4ndigung ausdru\u0308cklich hingewiesen.<\/p>\n<h4>2. INFORMATIONSPFLICHTEN<\/h4>\n<p>Gem\u00e4\u00df \u00a7 5a (1) Konsumentenschutzgesetz (KSchG) und \u00a7 4 Abs 1 Fern- und Ausw\u00e4rtsgesch\u00e4fte- Gesetz (FAGG) erteilt der Betreiber dem Kunden nachstehende Informationen, soweit dies bereits im Rahmen der AGB m\u00f6glich ist:<br \/>1. Wesentliche Eigenschaften der Produkte: sind den produktspezifischen Beschreibungen im Online-Shop zu entnehmen.<br \/>2. Vertragspartner (sofern kein Drittanbieter ausgewiesen ist): Federica Tabarretti, Gentzgasse, 112, 1180 Wien<br \/>3. Gesamtpreis\/-kosten: Die angegebenen Preise enthalten s\u00e4mtliche Steuern und Abgaben sowie (sofern nicht gesondert ausgewiesen) die Zustellkosten.<br \/>4. Kosten Fernkommunikation: Normaltarif des Kunden (keine Mehrwerttarife).<br \/>5. Zahlungsbedingungen: Kreditkarte, payment-provider oder \u00dcberweisung.<br \/>6. Lieferbedingungen Produkte: per Post oder Lieferservice.<br \/>7. Ru\u0308cktrittsrecht Produkte: siehe Widerrufsbelehrung Punkt 4.<br \/>8. Gew\u00e4hrleistungsrecht: gem\u00e4\u00df \u00a7 922 ff ABGB; Herstellergarantien bei Produkten sind m\u00f6glich.<\/p>\n<h4>3. VERTRAGSABSCHLUSS<\/h4>\n<p>1. Der Betreiber l\u00e4dt die Kunden durch Bereitstellung von Websites und von telefonischen Bestellhotlines ein, ein Angebot zum Erwerb von Produkten zu stellen; diese Einladung ist freibleibend und unverbindlich.<br \/>2. Die Bestellung steht natu\u0308rlichen Personen, die zum Zeitpunkt des Vertragsabschlusses zumindest 18 Jahre alt sein mu\u0308ssen, offen. Minderj\u00e4hrige mu\u0308ssen von ihren gesetzlichen Vertretern vertreten werden.<br \/>3. Mit der Bestellung erkl\u00e4rt der Kunde verbindlich sein Vertragsangebot. Bei einer auf elektronischem Wege erfolgten Bestellung wird der Betreiber den Zugang unverzu\u0308glich best\u00e4tigen. Die Zugangsbest\u00e4tigung stellt noch keine verbindliche Annahme der Bestellung dar.<br \/>4. Der Betreiber ist berechtigt, das Vertragsangebot (= Bestellung des Kunden) ausdru\u0308cklich durch \u00dcbergabe\/Zusendung der Ware oder der Auftragsbest\u00e4tigung anzunehmen.<br \/>5. Je nachdem, welcher Zeitpunkt zuerst eintritt, kommt Vertrag u\u0308ber den Erwerb von Produkten mit der \u00dcbersendung der Auftragsbest\u00e4tigung oder mit der Lieferung der Ware rechtswirksam zustande.<br \/>6. Der Betreiber ist berechtigt, die Annahme der Bestellung abzulehnen oder die Bestellung auf eine u\u0308bliche Menge zu begrenzen.<\/p>\n<h4>4. WIDERRUFS- BZW. RU\u0308CKTRITTSRECHT<\/h4>\n<p>1. Der Kunde ist, soweit er Konsument im Sinne des KSchG bzw. Verbraucher im Sinne des FAGG ist, gem\u00e4\u00df \u00a7 3 KSchG und \u00a7 11 Abs 1 FAGG gesetzlich berechtigt, seine au\u00dferhalb der Gesch\u00e4ftsr\u00e4umlichkeiten des Betreibers abgegebene Vertragserkl\u00e4rung (Bestellung) zu widerrufen bzw. (nach erfolgter Annahme durch den Betreiber) von dem Vertrag zu den Bedingungen der nachstehenden Widerrufserkl\u00e4rung zuru\u0308ckzutreten.<br \/>2. Kein Ru\u0308cktrittsrecht besteht beim Erwerb von Waren, die nach Kundenspezifikationen angefertigt werden oder eindeutig auf die spezifischen Bedu\u0308rfnisse zugeschnitten sind (\u00a7 18 Abs 1 Z 3 FAGG).<br \/>3. Ru\u0308cktrittsfrist: Der Ru\u0308cktritt ist binnen 14 Tagen nach Erhalt der Ware auszuu\u0308ben (Details siehe Widerrufsbelehrung Punkt 4.).<br \/>4. Widerrufsbelehrung: Gem\u00e4\u00df \u00a7 4 Abs 1 Z 8 FAGG belehrt der Betreiber den Kunden u\u0308ber nachstehendes gesetzliches Widerrufsrecht:<\/p>\n<p>WIDERRUFSRECHT<br \/>Sie haben das Recht, binnen vierzehn Tagen ohne Angabe von Gru\u0308nden diesen Vertrag zu widerrufen. Die Widerrufsfrist betr\u00e4gt vierzehn Tage ab dem Tag der Zusendung der Ware. Um Ihr Widerrufsrecht auszuu\u0308ben, mu\u0308ssen Sie Federica Tabarretti Home Couture, Gentzgasse, 112 &#8211; 1180 Wien, E-Mail: <a href=\"mailto:info@federicatabarretti.com\" target=\"_blank\" rel=\"noopener noreferrer\">info@federicatabarretti.com<\/a> u\u0308ber Ihren Entschluss, diesen Vertrag zu widerrufen, informieren. Machen Sie von dieser M\u00f6glichkeit Gebrauch, so werden wir Ihnen unverzu\u0308glich (z. B. per EMail) eine Best\u00e4tigung u\u0308ber den Eingang eines solchen Widerrufs u\u0308bermitteln. Zur Wahrung der Widerrufsfrist reicht es aus, dass Sie die Mitteilung u\u0308ber die Ausu\u0308bung des Widerrufsrechts vor Ablauf der Widerrufsfrist absenden.<\/p>\n<p>FOLGEN DES WIDERRUFS<br \/>Wenn Sie diesen Vertrag widerrufen, haben wir Ihnen alle Zahlungen, die wir von Ihnen erhalten haben, einschlie\u00dflich der Lieferkosten, unverzu\u0308glich und sp\u00e4testens binnen vierzehn Tagen ab dem Tag zuru\u0308ckzuzahlen, an dem die Mitteilung u\u0308ber Ihren Widerruf dieses Vertrags bei uns eingegangen ist. Fu\u0308r diese Ru\u0308ckzahlung verwenden wir dasselbe Zahlungsmittel, das Sie bei der urspru\u0308nglichen Transaktion eingesetzt haben;in keinem Fall werden Ihnen wegen dieser Ru\u0308ckzahlung Entgelte berechnet. Wir k\u00f6nnen die Ru\u0308ckzahlung verweigern, bis wir die Waren wieder zuru\u0308ckerhalten haben oder bis Sie den Nachweis erbracht haben, dass Sie die Waren zuru\u0308ckgesandt haben, je nachdem, welches der fru\u0308here Zeitpunkt ist. Sie haben die erhaltenen Waren unverzu\u0308glich und in jedem Fall sp\u00e4testens binnen vierzehn Tagen ab dem Tag, an dem Sie uns u\u0308ber den Widerruf dieses Vertrags unterrichten, an uns zuru\u0308ckzusenden oder zu u\u0308bergeben. Die Frist ist gewahrt, wenn Sie die Waren vor Ablauf der Frist von vierzehn Tagen absenden. Sie tragen die unmittelbaren Kosten der Ru\u0308cksendung der Waren. Sie mu\u0308ssen fu\u0308r einen etwaigen Wertverlust der Waren nur aufkommen, wenn dieser Wertverlust auf einen zur Pru\u0308fung der Beschaffenheit, Eigenschaften und Funktionsweise der Waren nicht notwendigen Umgang mit ihnen zuru\u0308ckzufu\u0308hren ist.<\/p>\n<h4>5. ZAHLUNGSBEDINGUNGEN<\/h4>\n<p>1. Der Kunde ist, sofern nichts anderes vereinbart ist, verpflichtet, das vereinbarte Entgelt umgehend u\u0308ber die eingesetzten Payment-L\u00f6sungen zu bezahlen.<br \/>2. Sobald und solange sich der Kunde in qualifiziertem Verzug (\u00a7 13 KSchG) mit einer oder mehreren Zahlungen befindet, ist der Betreiber bis zur Bezahlung zur Einstellung von weiteren Lieferungen berechtigt; die Verpflichtung des Kunden zur Bezahlung bleibt diesfalls aufrecht.<\/p>\n<h4>6. EIGENTUMSVORBEHALT<\/h4>\n<p>1. Der Betreiber beh\u00e4lt sich bis zur vollst\u00e4ndigen Bezahlung das Eigentumsrecht an den gelieferten Waren vor.<\/p>\n<h4>7. GEW\u00c4HRLEISTUNG \/ HAFTUNG<\/h4>\n<p>1. Der Betreiber leistet fu\u0308r entgeltliche Vertr\u00e4ge Gew\u00e4hr nach den Bestimmungen der \u00a7\u00a7 922 ff ABGB.<br \/>2. Fu\u0308r unentgeltliche Leistungen des Betreibers besteht keine Gew\u00e4hrleistungsverpflichtung.<br \/>3. Die Haftung des Betreibers und die seiner Organe, Angestellten, Auftragnehmer oder sonstigen Erfu\u0308llungsgehilfen (\u201eLeute\u201c) ist im Grunde nach auf Vorsatz oder grobe Fahrl\u00e4ssigkeit beschr\u00e4nkt; die Haftung fu\u0308r leichte Fahrl\u00e4ssigkeit ist ausgeschlossen. Dieser Haftungsausschluss gilt nicht fu\u0308r Personensch\u00e4den und Sch\u00e4den an Sachen, die der Betreiber zur Bearbeitung u\u0308bernommen hat. Soweit die Haftung ausgeschlossen oder beschr\u00e4nkt ist, gilt dies auch fu\u0308r die pers\u00f6nliche Haftung seiner Leute.<br \/>4. Soweit der Betreiber auf seiner Website oder in seinem Webshop (\u201ePlattform\u201c) mit Links den Zugang zu Online-Services dritter Personen erm\u00f6glicht, ist er fu\u0308r die dort enthaltenen fremden Inhalte nicht verantwortlich. Der Betreiber macht sich die verlinkten Inhalte nicht zu Eigen. Sofern Links auf rechtswidrige Inhalte verweisen, dies bitte melden an [<a href=\"mailto:info@federicatabarretti.com\" target=\"_blank\" rel=\"noopener noreferrer\">info@federicatabarretti.com<\/a>].<\/p>\n<h4>8. GEWINNSPIELE<\/h4>\n<p>Veranstaltet der Betreiber ein Gewinnspiel, so liegen diesem, sofern nichts anderes angegeben wird, nachstehende Gewinnspielbedingungen zu Grunde:<br \/>1. Teilnahmeberechtigt sind natu\u0308rliche Personen. Mitarbeiter des Betreibers, verbundener Unternehmen und der beim Gewinnspiel kooperierenden Unternehmen sind nicht teilnahmeberechtigt.<br \/>2. Der Betreiber beh\u00e4lt sich das Recht vor, Teilnehmer von der Verlosung auszuschlie\u00dfen, die die Verlosung unlauter beeinflussen oder das versuchen.<br \/>3. Die Gewinner werden nach Abschluss des Gewinnspieles ermittelt und per E-Mail oder postalisch benachrichtigt.<br \/>4. Eine Barabgeltung des Gewinns und der Rechtsweg sind ausgeschlossen; personenbezogen anfallende Steuern, Abgaben, Gebu\u0308hren und Folgekosten tr\u00e4gt der Gewinner.<br \/>5. Die Teilnehmer stimmen fu\u0308r den Fall des Gewinnes der Ver\u00f6ffentlichung ihres Namens und allenfalls ihres Lichtbildes zu.<\/p>\n<h4>9. SCHLUSSBESTIMMUNGEN<\/h4>\n<p>1. Fu\u0308r alle im Zusammenhang mit dem gegenst\u00e4ndlichen Vertrag entstehenden Streitigkeiten, einschlie\u00dflich der Vor \u2013 und Nachwirkungen, wird die ausschlie\u00dfliche Zust\u00e4ndigkeit des fu\u0308r 1180 Wien sachlich zust\u00e4ndigen Gerichtes vereinbart. Erfu\u0308llungsort ist in 1180 Wien.<br \/>2. Ist der Kunde ein Verbraucher im Sinne des KSchG, so gilt der Gerichtsstand fu\u0308r Klagen des Betreibers gegen den Kunden nur dann als vereinbart, wenn dieser im Zeitpunkt des Vertragsabschlusses seinen Wohnsitz oder seinen gew\u00f6hnlichen Aufenthalt in Wien hat oder seiner Besch\u00e4ftigung in Wien nachgeht.<br \/>3. Die Vertragsparteien vereinbaren jedenfalls einen Gerichtsstand in \u00d6sterreich.<br \/>4. Es gilt materielles \u00f6sterreichisches Recht unter Ausschluss des UN-Kaufrechtes und der Verweisungsnormen.<br \/>5. Sollten einzelne Bestimmungen dieses Vertrages ganz oder teilweise unwirksam sein oder werden, oder sollte sich in dem Vertrag eine Lu\u0308cke befinden, so soll hierdurch die Gu\u0308ltigkeit der u\u0308brigen Bestimmungen nicht beru\u0308hrt werden.<br \/>6. \u00c4nderungen und Erg\u00e4nzungen des Vertrages bedu\u0308rfen der Schriftform. Das gilt auch fu\u0308r ein Abgehen von dem Schriftformerfordernis. Die Versendung per E-Mail oder Telefax entspricht der Schriftform, dies gilt auch fu\u0308r das Klicken auf einen entsprechenden Button.<br \/>7. Soweit in diesem Vertrag auf natu\u0308rliche Personen bezogene Bezeichnungen nur in m\u00e4nnlicher Form angefu\u0308hrt sind, beziehen sie sich auf Frauen und M\u00e4nner in gleicher Weise. Bei der Anwendung der Bezeichnung auf bestimmte natu\u0308rliche Personen ist die jeweils geschlechtsspezifische Form zu verwenden.<\/p>\n[\/et_pb_text][\/et_pb_column][\/et_pb_row][\/et_pb_section]\n","protected":false},"excerpt":{"rendered":"<p>AGB1. GELTUNGSBEREICH DER AGB Die folgenden Allgemeinen Gesch\u00e4ftsbedingungen (AGB) gelten fu\u0308r alle Gesch\u00e4ftsbeziehungen zwischen dem \u201eKunden\u201c einerseits und Federica Tabarretti (\u201eBetreiber\u201c) andererseits aus dem Erwerb von Waren oder Gutscheinen (\u201eProdukten\u201c) u\u0308ber den Online-Shop des Betreibers. Ma\u00dfgeblich ist jeweils die zum Zeitpunkt des Vertragsschlusses gu\u0308ltige Fassung der AGB. Abweichende, entgegenstehende oder erg\u00e4nzende AGB werden, selbst bei [&hellip;]<\/p>\n","protected":false},"author":1,"featured_media":0,"parent":0,"menu_order":0,"comment_status":"closed","ping_status":"closed","template":"","meta":{"_et_pb_use_builder":"on","_et_pb_old_content":"","_et_gb_content_width":"","om_disable_all_campaigns":false,"inline_featured_image":false,"_monsterinsights_skip_tracking":false,"_monsterinsights_sitenote_active":false,"_monsterinsights_sitenote_note":"","_monsterinsights_sitenote_category":0,"footnotes":""},"class_list":["post-5020","page","type-page","status-publish","hentry"],"yoast_head":"<!-- This site is optimized with the Yoast SEO plugin v21.1 - https:\/\/yoast.com\/wordpress\/plugins\/seo\/ -->\n<title>AGB (german) - Federica Tabarretti<\/title>\n<meta name=\"robots\" content=\"index, follow, max-snippet:-1, max-image-preview:large, max-video-preview:-1\" \/>\n<link rel=\"canonical\" href=\"https:\/\/federicatabarretti.com\/en\/agb\/\" \/>\n<meta property=\"og:locale\" content=\"en_US\" \/>\n<meta property=\"og:type\" content=\"article\" \/>\n<meta property=\"og:title\" content=\"AGB (german) - Federica Tabarretti\" \/>\n<meta property=\"og:description\" content=\"AGB1. GELTUNGSBEREICH DER AGB Die folgenden Allgemeinen Gesch\u00e4ftsbedingungen (AGB) gelten fu\u0308r alle Gesch\u00e4ftsbeziehungen zwischen dem \u201eKunden\u201c einerseits und Federica Tabarretti (\u201eBetreiber\u201c) andererseits aus dem Erwerb von Waren oder Gutscheinen (\u201eProdukten\u201c) u\u0308ber den Online-Shop des Betreibers. Ma\u00dfgeblich ist jeweils die zum Zeitpunkt des Vertragsschlusses gu\u0308ltige Fassung der AGB. Abweichende, entgegenstehende oder erg\u00e4nzende AGB werden, selbst bei [&hellip;]\" \/>\n<meta property=\"og:url\" content=\"https:\/\/federicatabarretti.com\/en\/agb\/\" \/>\n<meta property=\"og:site_name\" content=\"Federica Tabarretti\" \/>\n<meta property=\"article:modified_time\" content=\"2024-06-12T08:54:20+00:00\" \/>\n<meta name=\"twitter:card\" content=\"summary_large_image\" \/>\n<meta name=\"twitter:label1\" content=\"Est. reading time\" \/>\n\t<meta name=\"twitter:data1\" content=\"9 minutes\" \/>\n<script type=\"application\/ld+json\" class=\"yoast-schema-graph\">{\"@context\":\"https:\/\/schema.org\",\"@graph\":[{\"@type\":\"WebPage\",\"@id\":\"https:\/\/federicatabarretti.com\/en\/agb\/\",\"url\":\"https:\/\/federicatabarretti.com\/en\/agb\/\",\"name\":\"AGB (german) - Federica Tabarretti\",\"isPartOf\":{\"@id\":\"https:\/\/federicatabarretti.com\/en\/#website\"},\"datePublished\":\"2020-06-30T17:02:15+00:00\",\"dateModified\":\"2024-06-12T08:54:20+00:00\",\"breadcrumb\":{\"@id\":\"https:\/\/federicatabarretti.com\/en\/agb\/#breadcrumb\"},\"inLanguage\":\"en-US\",\"potentialAction\":[{\"@type\":\"ReadAction\",\"target\":[\"https:\/\/federicatabarretti.com\/en\/agb\/\"]}]},{\"@type\":\"BreadcrumbList\",\"@id\":\"https:\/\/federicatabarretti.com\/en\/agb\/#breadcrumb\",\"itemListElement\":[{\"@type\":\"ListItem\",\"position\":1,\"name\":\"Home Couture\",\"item\":\"https:\/\/federicatabarretti.com\/en\/home-couture\/\"},{\"@type\":\"ListItem\",\"position\":2,\"name\":\"AGB (german)\"}]},{\"@type\":\"WebSite\",\"@id\":\"https:\/\/federicatabarretti.com\/en\/#website\",\"url\":\"https:\/\/federicatabarretti.com\/en\/\",\"name\":\"Federica Tabarretti\",\"description\":\"Home Couture made in Italy\",\"publisher\":{\"@id\":\"https:\/\/federicatabarretti.com\/en\/#organization\"},\"alternateName\":\"federica\",\"potentialAction\":[{\"@type\":\"SearchAction\",\"target\":{\"@type\":\"EntryPoint\",\"urlTemplate\":\"https:\/\/federicatabarretti.com\/en\/?s={search_term_string}\"},\"query-input\":\"required name=search_term_string\"}],\"inLanguage\":\"en-US\"},{\"@type\":\"Organization\",\"@id\":\"https:\/\/federicatabarretti.com\/en\/#organization\",\"name\":\"Federica Tabarretti\",\"url\":\"https:\/\/federicatabarretti.com\/en\/\",\"logo\":{\"@type\":\"ImageObject\",\"inLanguage\":\"en-US\",\"@id\":\"https:\/\/federicatabarretti.com\/en\/#\/schema\/logo\/image\/\",\"url\":\"https:\/\/federicatabarretti.com\/wp-content\/uploads\/2020\/10\/Federica-Tabarretti-Logo.png\",\"contentUrl\":\"https:\/\/federicatabarretti.com\/wp-content\/uploads\/2020\/10\/Federica-Tabarretti-Logo.png\",\"width\":1550,\"height\":1104,\"caption\":\"Federica Tabarretti\"},\"image\":{\"@id\":\"https:\/\/federicatabarretti.com\/en\/#\/schema\/logo\/image\/\"},\"sameAs\":[\"https:\/\/www.instagram.com\/federica_tabarretti\/?hl=de\"]}]}<\/script>\n<!-- \/ Yoast SEO plugin. -->","yoast_head_json":{"title":"AGB (german) - Federica Tabarretti","robots":{"index":"index","follow":"follow","max-snippet":"max-snippet:-1","max-image-preview":"max-image-preview:large","max-video-preview":"max-video-preview:-1"},"canonical":"https:\/\/federicatabarretti.com\/en\/agb\/","og_locale":"en_US","og_type":"article","og_title":"AGB (german) - Federica Tabarretti","og_description":"AGB1. GELTUNGSBEREICH DER AGB Die folgenden Allgemeinen Gesch\u00e4ftsbedingungen (AGB) gelten fu\u0308r alle Gesch\u00e4ftsbeziehungen zwischen dem \u201eKunden\u201c einerseits und Federica Tabarretti (\u201eBetreiber\u201c) andererseits aus dem Erwerb von Waren oder Gutscheinen (\u201eProdukten\u201c) u\u0308ber den Online-Shop des Betreibers. Ma\u00dfgeblich ist jeweils die zum Zeitpunkt des Vertragsschlusses gu\u0308ltige Fassung der AGB. Abweichende, entgegenstehende oder erg\u00e4nzende AGB werden, selbst bei [&hellip;]","og_url":"https:\/\/federicatabarretti.com\/en\/agb\/","og_site_name":"Federica Tabarretti","article_modified_time":"2024-06-12T08:54:20+00:00","twitter_card":"summary_large_image","twitter_misc":{"Est. reading time":"9 minutes"},"schema":{"@context":"https:\/\/schema.org","@graph":[{"@type":"WebPage","@id":"https:\/\/federicatabarretti.com\/en\/agb\/","url":"https:\/\/federicatabarretti.com\/en\/agb\/","name":"AGB (german) - Federica Tabarretti","isPartOf":{"@id":"https:\/\/federicatabarretti.com\/en\/#website"},"datePublished":"2020-06-30T17:02:15+00:00","dateModified":"2024-06-12T08:54:20+00:00","breadcrumb":{"@id":"https:\/\/federicatabarretti.com\/en\/agb\/#breadcrumb"},"inLanguage":"en-US","potentialAction":[{"@type":"ReadAction","target":["https:\/\/federicatabarretti.com\/en\/agb\/"]}]},{"@type":"BreadcrumbList","@id":"https:\/\/federicatabarretti.com\/en\/agb\/#breadcrumb","itemListElement":[{"@type":"ListItem","position":1,"name":"Home Couture","item":"https:\/\/federicatabarretti.com\/en\/home-couture\/"},{"@type":"ListItem","position":2,"name":"AGB (german)"}]},{"@type":"WebSite","@id":"https:\/\/federicatabarretti.com\/en\/#website","url":"https:\/\/federicatabarretti.com\/en\/","name":"Federica Tabarretti","description":"Home Couture made in Italy","publisher":{"@id":"https:\/\/federicatabarretti.com\/en\/#organization"},"alternateName":"federica","potentialAction":[{"@type":"SearchAction","target":{"@type":"EntryPoint","urlTemplate":"https:\/\/federicatabarretti.com\/en\/?s={search_term_string}"},"query-input":"required name=search_term_string"}],"inLanguage":"en-US"},{"@type":"Organization","@id":"https:\/\/federicatabarretti.com\/en\/#organization","name":"Federica Tabarretti","url":"https:\/\/federicatabarretti.com\/en\/","logo":{"@type":"ImageObject","inLanguage":"en-US","@id":"https:\/\/federicatabarretti.com\/en\/#\/schema\/logo\/image\/","url":"https:\/\/federicatabarretti.com\/wp-content\/uploads\/2020\/10\/Federica-Tabarretti-Logo.png","contentUrl":"https:\/\/federicatabarretti.com\/wp-content\/uploads\/2020\/10\/Federica-Tabarretti-Logo.png","width":1550,"height":1104,"caption":"Federica Tabarretti"},"image":{"@id":"https:\/\/federicatabarretti.com\/en\/#\/schema\/logo\/image\/"},"sameAs":["https:\/\/www.instagram.com\/federica_tabarretti\/?hl=de"]}]}},"jetpack_sharing_enabled":true,"_links":{"self":[{"href":"https:\/\/federicatabarretti.com\/en\/wp-json\/wp\/v2\/pages\/5020","targetHints":{"allow":["GET"]}}],"collection":[{"href":"https:\/\/federicatabarretti.com\/en\/wp-json\/wp\/v2\/pages"}],"about":[{"href":"https:\/\/federicatabarretti.com\/en\/wp-json\/wp\/v2\/types\/page"}],"author":[{"embeddable":true,"href":"https:\/\/federicatabarretti.com\/en\/wp-json\/wp\/v2\/users\/1"}],"replies":[{"embeddable":true,"href":"https:\/\/federicatabarretti.com\/en\/wp-json\/wp\/v2\/comments?post=5020"}],"version-history":[{"count":6,"href":"https:\/\/federicatabarretti.com\/en\/wp-json\/wp\/v2\/pages\/5020\/revisions"}],"predecessor-version":[{"id":5512,"href":"https:\/\/federicatabarretti.com\/en\/wp-json\/wp\/v2\/pages\/5020\/revisions\/5512"}],"wp:attachment":[{"href":"https:\/\/federicatabarretti.com\/en\/wp-json\/wp\/v2\/media?parent=5020"}],"curies":[{"name":"wp","href":"https:\/\/api.w.org\/{rel}","templated":true}]}}