{"id":5048,"date":"2020-06-30T19:03:06","date_gmt":"2020-06-30T17:03:06","guid":{"rendered":"https:\/\/federicatabarretti.com\/zahlungs-versandarten\/"},"modified":"2023-01-27T11:28:59","modified_gmt":"2023-01-27T10:28:59","slug":"zahlungs-versandarten","status":"publish","type":"page","link":"https:\/\/federicatabarretti.com\/en\/zahlungs-versandarten\/","title":{"rendered":"Payment &amp; Shipping (german)"},"content":{"rendered":"[et_pb_section fb_built=&#8221;1&#8243; prev_background_color=&#8221;#ffffff&#8221; module_class=&#8221;keinhintergrund&#8221; _builder_version=&#8221;4.14.3&#8243; use_background_color_gradient=&#8221;on&#8221; background_color_gradient_start=&#8221;rgba(255,255,255,0)&#8221; background_color_gradient_end=&#8221;#ffffff&#8221; background_color_gradient_direction=&#8221;90deg&#8221; background_color_gradient_start_position=&#8221;15%&#8221; background_color_gradient_end_position=&#8221;60%&#8221; background_color_gradient_overlays_image=&#8221;on&#8221; background_repeat=&#8221;repeat&#8221; custom_padding=&#8221;||150px||false|false&#8221; top_divider_style=&#8221;none&#8221; bottom_divider_color=&#8221;#c8d1eb&#8221; hover_enabled=&#8221;0&#8243; background_last_edited=&#8221;on|phone&#8221; background_enable_image_tablet=&#8221;off&#8221; da_disable_devices=&#8221;off|off|off&#8221; locked=&#8221;off&#8221; global_colors_info=&#8221;{}&#8221; sticky_enabled=&#8221;0&#8243; da_is_popup=&#8221;off&#8221; da_exit_intent=&#8221;off&#8221; da_has_close=&#8221;on&#8221; da_alt_close=&#8221;off&#8221; da_dark_close=&#8221;off&#8221; da_not_modal=&#8221;on&#8221; da_is_singular=&#8221;off&#8221; da_with_loader=&#8221;off&#8221; da_has_shadow=&#8221;on&#8221;][et_pb_row column_structure=&#8221;1_2,1_2&#8243; use_custom_gutter=&#8221;on&#8221; make_equal=&#8221;on&#8221; _builder_version=&#8221;4.14.3&#8243; max_width=&#8221;4000px&#8221; global_colors_info=&#8221;{}&#8221;][et_pb_column type=&#8221;1_2&#8243; _builder_version=&#8221;4.6.1&#8243; global_colors_info=&#8221;{}&#8221;][et_pb_text module_class=&#8221;miniheadline&#8221; _builder_version=&#8221;4.14.3&#8243; positioning=&#8221;absolute&#8221; vertical_offset=&#8221;75px&#8221; position_origin_a_tablet=&#8221;&#8221; position_origin_a_phone=&#8221;&#8221; position_origin_a_last_edited=&#8221;on|tablet&#8221; position_origin_f_tablet=&#8221;&#8221; position_origin_f_phone=&#8221;&#8221; position_origin_f_last_edited=&#8221;on|desktop&#8221; position_origin_r_tablet=&#8221;&#8221; position_origin_r_phone=&#8221;&#8221; position_origin_r_last_edited=&#8221;on|desktop&#8221; width=&#8221;100%&#8221; positioning_tablet=&#8221;none&#8221; positioning_phone=&#8221;&#8221; positioning_last_edited=&#8221;on|phone&#8221; global_colors_info=&#8221;{}&#8221;]\n<h2>Zahlungs- &amp; Versand\u00adarten<\/h2>\n[\/et_pb_text][\/et_pb_column][et_pb_column type=&#8221;1_2&#8243; module_class=&#8221;infospalte&#8221; _builder_version=&#8221;4.6.1&#8243; custom_padding=&#8221;||||false|false&#8221; global_colors_info=&#8221;{}&#8221;][et_pb_text _builder_version=&#8221;4.6.5&#8243; background_size=&#8221;initial&#8221; background_position=&#8221;top_left&#8221; background_repeat=&#8221;repeat&#8221; min_height=&#8221;50vh&#8221; global_colors_info=&#8221;{}&#8221;]\n<p><strong>Details zu Versand<\/strong><\/p>\n<p>Lieferungen werden via DPD oder Post zugestellt und sind derzeit nur an Lieferadressen in Deutschland, \u00d6sterreich und der Schweiz m\u00f6glich.<br \/><em>Aktuell kostenloser Versand nach \u00d6sterreich und Deutschland<\/em><\/p>\n<hr>\n<p><strong>Zahlungsarten<\/strong><\/p>\n<p>Paypal<br \/>SOFORT \u00dcberweisung<br \/>Kreditkarte (Visa, Mastercard, Amex)<br \/>Apple Pay<br \/>Google Pay<\/p>\n[\/et_pb_text][et_pb_text disabled_on=&#8221;on|on|on&#8221; _builder_version=&#8221;4.6.5&#8243; background_size=&#8221;initial&#8221; background_position=&#8221;top_left&#8221; background_repeat=&#8221;repeat&#8221; min_height=&#8221;50vh&#8221; disabled=&#8221;on&#8221; global_colors_info=&#8221;{}&#8221;]\n<p><strong>Details zu Versand<\/strong><\/p>\n<p>Lieferungen werden via DPD oder Post zugestellt und sind derzeit nur an Lieferadressen in Deutschland, \u00d6sterreich und der Schweiz m\u00f6glich.<br \/><em>Aktuell kostenloser Versand nach \u00d6sterreich und Deutschland<\/em><\/p>\n<p><strong>Widerrufsrecht<\/strong><\/p>\n<p>Sie haben das Recht, binnen vierzehn Tagen ohne Angabe von Gr\u00fcnden diesen Vertrag zu widerrufen. (Die Widerrufsfrist betr\u00e4gt vierzehn Tage ab dem Tag der Zusendung der Ware)<\/p>\n<p>Um Ihr Widerrufsrecht auszu\u00fcben, m\u00fcssen Sie <\/p>\n<p>Federica Tabarretti<br \/>T\u00fcrkenschanzstra\u00dfe 4\/17<br \/>1180 Wien<\/p>\n<p>mittels einer eindeutigen Erkl\u00e4rung (z. B. ein mit der Post versandter Brief oder E-Mail) \u00fcber Ihren<br \/>Entschluss, diesen Vertrag zu widerrufen, informieren. Sie k\u00f6nnen daf\u00fcr das Widerrufsformular verwenden, das jedoch nicht vorgeschrieben ist.<\/p>\n<p>Zur Wahrung der Widerrufsfrist reicht es aus, dass Sie die Mitteilung \u00fcber die Aus\u00fcbung des Widerrufsrechts vor Ablauf der Widerrufsfrist absenden.<\/p>\n<p><strong>Folgen des Widerrufes<\/strong><\/p>\n<p>Wenn Sie diesen Vertrag widerrufen, haben wir Ihnen alle Zahlungen (exklusive etwaiger Lieferkosten) unverz\u00fcglich und sp\u00e4testens binnen vierzehn Tagen ab dem Tag zur\u00fcckzuzahlen, an dem die Mitteilung \u00fcber Ihren Widerruf dieses Vertrags bei uns eingegangen ist. F\u00fcr diese R\u00fcckzahlung verwenden wir dasselbe Zahlungsmittel, das Sie bei der urspr\u00fcnglichen Transaktion eingesetzt haben, es sei denn, mit Ihnen wurde ausdr\u00fccklich etwas anderes vereinbart; in keinem Fall werden Ihnen wegen dieser R\u00fcckzahlung Entgelte berechnet. Wir k\u00f6nnen die R\u00fcckzahlung verweigern, bis wir die Waren wieder zur\u00fcckerhalten haben oder bis Sie den Nachweis erbracht haben, dass Sie die Waren zur\u00fcckgesandt haben, je nachdem, welches der fr\u00fchere Zeitpunkt ist.<\/p>\n<p>Sie haben die erhaltenen Waren unverz\u00fcglich und in jedem Fall sp\u00e4testens binnen vierzehn Tagen ab dem Tag, an dem Sie uns \u00fcber den Widerruf dieses Vertrags unterrichten, an uns zur\u00fcckzusenden oder zu \u00fcbergeben. Die Frist ist gewahrt, wenn Sie die Waren vor Ablauf der Frist von vierzehn Tagen absenden.<\/p>\n<p>Sie tragen die unmittelbaren Kosten der R\u00fccksendung der Waren.<\/p>\n<hr>\n<p><strong>Zahlungsarten<\/strong><\/p>\n<p>Paypal<br \/>SOFORT \u00dcberweisung<br \/>Kreditkarte (Visa, Mastercard, Amex)<br \/>Apple Pay<br \/>Google Pay<\/p>\n[\/et_pb_text][\/et_pb_column][\/et_pb_row][\/et_pb_section]\n","protected":false},"excerpt":{"rendered":"<p>Zahlungs- &amp; Versand\u00adartenDetails zu Versand Lieferungen werden via DPD oder Post zugestellt und sind derzeit nur an Lieferadressen in Deutschland, \u00d6sterreich und der Schweiz m\u00f6glich.Aktuell kostenloser Versand nach \u00d6sterreich und Deutschland Zahlungsarten PaypalSOFORT \u00dcberweisungKreditkarte (Visa, Mastercard, Amex)Apple PayGoogle PayDetails zu Versand Lieferungen werden via DPD oder Post zugestellt und sind derzeit nur an Lieferadressen in [&hellip;]<\/p>\n","protected":false},"author":1,"featured_media":0,"parent":0,"menu_order":0,"comment_status":"closed","ping_status":"closed","template":"","meta":{"_et_pb_use_builder":"on","_et_pb_old_content":"","_et_gb_content_width":"","om_disable_all_campaigns":false,"inline_featured_image":false,"_monsterinsights_skip_tracking":false,"_monsterinsights_sitenote_active":false,"_monsterinsights_sitenote_note":"","_monsterinsights_sitenote_category":0,"footnotes":""},"class_list":["post-5048","page","type-page","status-publish","hentry"],"yoast_head":"<!-- This site is optimized with the Yoast SEO plugin v21.1 - https:\/\/yoast.com\/wordpress\/plugins\/seo\/ -->\n<title>Payment &amp; Shipping (german) - Federica Tabarretti<\/title>\n<meta name=\"robots\" content=\"index, follow, max-snippet:-1, max-image-preview:large, max-video-preview:-1\" \/>\n<link rel=\"canonical\" href=\"https:\/\/federicatabarretti.com\/en\/zahlungs-versandarten\/\" \/>\n<meta property=\"og:locale\" content=\"en_US\" \/>\n<meta property=\"og:type\" content=\"article\" \/>\n<meta property=\"og:title\" content=\"Payment &amp; Shipping (german) - Federica Tabarretti\" \/>\n<meta property=\"og:description\" content=\"Zahlungs- &amp; Versand\u00adartenDetails zu Versand Lieferungen werden via DPD oder Post zugestellt und sind derzeit nur an Lieferadressen in Deutschland, \u00d6sterreich und der Schweiz m\u00f6glich.Aktuell kostenloser Versand nach \u00d6sterreich und Deutschland Zahlungsarten PaypalSOFORT \u00dcberweisungKreditkarte (Visa, Mastercard, Amex)Apple PayGoogle PayDetails zu Versand Lieferungen werden via DPD oder Post zugestellt und sind derzeit nur an Lieferadressen in [&hellip;]\" \/>\n<meta property=\"og:url\" content=\"https:\/\/federicatabarretti.com\/en\/zahlungs-versandarten\/\" \/>\n<meta property=\"og:site_name\" content=\"Federica Tabarretti\" \/>\n<meta property=\"article:modified_time\" content=\"2023-01-27T10:28:59+00:00\" \/>\n<meta name=\"twitter:card\" content=\"summary_large_image\" \/>\n<meta name=\"twitter:label1\" content=\"Est. reading time\" \/>\n\t<meta name=\"twitter:data1\" content=\"3 minutes\" \/>\n<script type=\"application\/ld+json\" class=\"yoast-schema-graph\">{\"@context\":\"https:\/\/schema.org\",\"@graph\":[{\"@type\":\"WebPage\",\"@id\":\"https:\/\/federicatabarretti.com\/en\/zahlungs-versandarten\/\",\"url\":\"https:\/\/federicatabarretti.com\/en\/zahlungs-versandarten\/\",\"name\":\"Payment &amp; Shipping (german) - Federica Tabarretti\",\"isPartOf\":{\"@id\":\"https:\/\/federicatabarretti.com\/en\/#website\"},\"datePublished\":\"2020-06-30T17:03:06+00:00\",\"dateModified\":\"2023-01-27T10:28:59+00:00\",\"breadcrumb\":{\"@id\":\"https:\/\/federicatabarretti.com\/en\/zahlungs-versandarten\/#breadcrumb\"},\"inLanguage\":\"en-US\",\"potentialAction\":[{\"@type\":\"ReadAction\",\"target\":[\"https:\/\/federicatabarretti.com\/en\/zahlungs-versandarten\/\"]}]},{\"@type\":\"BreadcrumbList\",\"@id\":\"https:\/\/federicatabarretti.com\/en\/zahlungs-versandarten\/#breadcrumb\",\"itemListElement\":[{\"@type\":\"ListItem\",\"position\":1,\"name\":\"Home Couture\",\"item\":\"https:\/\/federicatabarretti.com\/en\/home-couture\/\"},{\"@type\":\"ListItem\",\"position\":2,\"name\":\"Payment &amp; Shipping (german)\"}]},{\"@type\":\"WebSite\",\"@id\":\"https:\/\/federicatabarretti.com\/en\/#website\",\"url\":\"https:\/\/federicatabarretti.com\/en\/\",\"name\":\"Federica Tabarretti\",\"description\":\"Home Couture made in Italy\",\"publisher\":{\"@id\":\"https:\/\/federicatabarretti.com\/en\/#organization\"},\"alternateName\":\"federica\",\"potentialAction\":[{\"@type\":\"SearchAction\",\"target\":{\"@type\":\"EntryPoint\",\"urlTemplate\":\"https:\/\/federicatabarretti.com\/en\/?s={search_term_string}\"},\"query-input\":\"required name=search_term_string\"}],\"inLanguage\":\"en-US\"},{\"@type\":\"Organization\",\"@id\":\"https:\/\/federicatabarretti.com\/en\/#organization\",\"name\":\"Federica Tabarretti\",\"url\":\"https:\/\/federicatabarretti.com\/en\/\",\"logo\":{\"@type\":\"ImageObject\",\"inLanguage\":\"en-US\",\"@id\":\"https:\/\/federicatabarretti.com\/en\/#\/schema\/logo\/image\/\",\"url\":\"https:\/\/federicatabarretti.com\/wp-content\/uploads\/2020\/10\/Federica-Tabarretti-Logo.png\",\"contentUrl\":\"https:\/\/federicatabarretti.com\/wp-content\/uploads\/2020\/10\/Federica-Tabarretti-Logo.png\",\"width\":1550,\"height\":1104,\"caption\":\"Federica Tabarretti\"},\"image\":{\"@id\":\"https:\/\/federicatabarretti.com\/en\/#\/schema\/logo\/image\/\"},\"sameAs\":[\"https:\/\/www.instagram.com\/federica_tabarretti\/?hl=de\"]}]}<\/script>\n<!-- \/ Yoast SEO plugin. -->","yoast_head_json":{"title":"Payment &amp; Shipping (german) - Federica Tabarretti","robots":{"index":"index","follow":"follow","max-snippet":"max-snippet:-1","max-image-preview":"max-image-preview:large","max-video-preview":"max-video-preview:-1"},"canonical":"https:\/\/federicatabarretti.com\/en\/zahlungs-versandarten\/","og_locale":"en_US","og_type":"article","og_title":"Payment &amp; Shipping (german) - Federica Tabarretti","og_description":"Zahlungs- &amp; Versand\u00adartenDetails zu Versand Lieferungen werden via DPD oder Post zugestellt und sind derzeit nur an Lieferadressen in Deutschland, \u00d6sterreich und der Schweiz m\u00f6glich.Aktuell kostenloser Versand nach \u00d6sterreich und Deutschland Zahlungsarten PaypalSOFORT \u00dcberweisungKreditkarte (Visa, Mastercard, Amex)Apple PayGoogle PayDetails zu Versand Lieferungen werden via DPD oder Post zugestellt und sind derzeit nur an Lieferadressen in [&hellip;]","og_url":"https:\/\/federicatabarretti.com\/en\/zahlungs-versandarten\/","og_site_name":"Federica Tabarretti","article_modified_time":"2023-01-27T10:28:59+00:00","twitter_card":"summary_large_image","twitter_misc":{"Est. reading time":"3 minutes"},"schema":{"@context":"https:\/\/schema.org","@graph":[{"@type":"WebPage","@id":"https:\/\/federicatabarretti.com\/en\/zahlungs-versandarten\/","url":"https:\/\/federicatabarretti.com\/en\/zahlungs-versandarten\/","name":"Payment &amp; Shipping (german) - Federica Tabarretti","isPartOf":{"@id":"https:\/\/federicatabarretti.com\/en\/#website"},"datePublished":"2020-06-30T17:03:06+00:00","dateModified":"2023-01-27T10:28:59+00:00","breadcrumb":{"@id":"https:\/\/federicatabarretti.com\/en\/zahlungs-versandarten\/#breadcrumb"},"inLanguage":"en-US","potentialAction":[{"@type":"ReadAction","target":["https:\/\/federicatabarretti.com\/en\/zahlungs-versandarten\/"]}]},{"@type":"BreadcrumbList","@id":"https:\/\/federicatabarretti.com\/en\/zahlungs-versandarten\/#breadcrumb","itemListElement":[{"@type":"ListItem","position":1,"name":"Home Couture","item":"https:\/\/federicatabarretti.com\/en\/home-couture\/"},{"@type":"ListItem","position":2,"name":"Payment &amp; Shipping (german)"}]},{"@type":"WebSite","@id":"https:\/\/federicatabarretti.com\/en\/#website","url":"https:\/\/federicatabarretti.com\/en\/","name":"Federica Tabarretti","description":"Home Couture made in Italy","publisher":{"@id":"https:\/\/federicatabarretti.com\/en\/#organization"},"alternateName":"federica","potentialAction":[{"@type":"SearchAction","target":{"@type":"EntryPoint","urlTemplate":"https:\/\/federicatabarretti.com\/en\/?s={search_term_string}"},"query-input":"required name=search_term_string"}],"inLanguage":"en-US"},{"@type":"Organization","@id":"https:\/\/federicatabarretti.com\/en\/#organization","name":"Federica Tabarretti","url":"https:\/\/federicatabarretti.com\/en\/","logo":{"@type":"ImageObject","inLanguage":"en-US","@id":"https:\/\/federicatabarretti.com\/en\/#\/schema\/logo\/image\/","url":"https:\/\/federicatabarretti.com\/wp-content\/uploads\/2020\/10\/Federica-Tabarretti-Logo.png","contentUrl":"https:\/\/federicatabarretti.com\/wp-content\/uploads\/2020\/10\/Federica-Tabarretti-Logo.png","width":1550,"height":1104,"caption":"Federica Tabarretti"},"image":{"@id":"https:\/\/federicatabarretti.com\/en\/#\/schema\/logo\/image\/"},"sameAs":["https:\/\/www.instagram.com\/federica_tabarretti\/?hl=de"]}]}},"jetpack_sharing_enabled":true,"_links":{"self":[{"href":"https:\/\/federicatabarretti.com\/en\/wp-json\/wp\/v2\/pages\/5048","targetHints":{"allow":["GET"]}}],"collection":[{"href":"https:\/\/federicatabarretti.com\/en\/wp-json\/wp\/v2\/pages"}],"about":[{"href":"https:\/\/federicatabarretti.com\/en\/wp-json\/wp\/v2\/types\/page"}],"author":[{"embeddable":true,"href":"https:\/\/federicatabarretti.com\/en\/wp-json\/wp\/v2\/users\/1"}],"replies":[{"embeddable":true,"href":"https:\/\/federicatabarretti.com\/en\/wp-json\/wp\/v2\/comments?post=5048"}],"version-history":[{"count":5,"href":"https:\/\/federicatabarretti.com\/en\/wp-json\/wp\/v2\/pages\/5048\/revisions"}],"predecessor-version":[{"id":5173,"href":"https:\/\/federicatabarretti.com\/en\/wp-json\/wp\/v2\/pages\/5048\/revisions\/5173"}],"wp:attachment":[{"href":"https:\/\/federicatabarretti.com\/en\/wp-json\/wp\/v2\/media?parent=5048"}],"curies":[{"name":"wp","href":"https:\/\/api.w.org\/{rel}","templated":true}]}}